{"id":10,"date":"2020-02-18T11:31:43","date_gmt":"2020-02-18T11:31:43","guid":{"rendered":"https:\/\/demo01.houzez.co\/?page_id=10"},"modified":"2024-04-13T15:50:01","modified_gmt":"2024-04-13T15:50:01","slug":"home-default","status":"publish","type":"page","link":"https:\/\/tinyhouse.chipmunkdevelopment.com\/pt\/","title":{"rendered":"Home Default"},"content":{"rendered":"<div data-elementor-type=\"wp-page\" data-elementor-id=\"10\" class=\"elementor elementor-10\">\n\t\t\t\t\t\t<section class=\"elementor-section elementor-top-section elementor-element elementor-element-b147f27 elementor-section-stretched elementor-section-height-full elementor-section-boxed elementor-section-height-default elementor-section-items-middle\" data-id=\"b147f27\" data-element_type=\"section\" data-settings=\"{&quot;stretch_section&quot;:&quot;section-stretched&quot;,&quot;background_background&quot;:&quot;classic&quot;}\">\n\t\t\t\t\t\t\t<div class=\"elementor-background-overlay\"><\/div>\n\t\t\t\t\t\t\t<div class=\"elementor-container elementor-column-gap-default\">\n\t\t\t\t\t<div class=\"elementor-column elementor-col-100 elementor-top-column elementor-element elementor-element-1c7ef66\" data-id=\"1c7ef66\" data-element_type=\"column\">\n\t\t\t<div class=\"elementor-widget-wrap elementor-element-populated\">\n\t\t\t\t\t\t<section class=\"elementor-section elementor-inner-section elementor-element elementor-element-832f136 elementor-section-boxed elementor-section-height-default elementor-section-height-default\" data-id=\"832f136\" data-element_type=\"section\">\n\t\t\t\t\t\t<div class=\"elementor-container elementor-column-gap-default\">\n\t\t\t\t\t<div class=\"elementor-column elementor-col-100 elementor-inner-column elementor-element elementor-element-b488bd4\" data-id=\"b488bd4\" data-element_type=\"column\">\n\t\t\t<div class=\"elementor-widget-wrap elementor-element-populated\">\n\t\t\t\t\t\t<div class=\"elementor-element elementor-element-5f1a2d6 animated-slow elementor-invisible elementor-widget elementor-widget-houzez_elementor_section_title\" data-id=\"5f1a2d6\" data-element_type=\"widget\" data-settings=\"{&quot;_animation&quot;:&quot;fadeIn&quot;}\" data-widget_type=\"houzez_elementor_section_title.default\">\n\t\t\t\t<div class=\"elementor-widget-container\">\n\t\t\t            <div class=\"houzez_section_title_wrap section-title-module\">\n                                    <h2 class=\"houzez_section_title\">Encontre a solu\u00e7\u00e3o perfeita<\/h2>\n                \n                                    <p class=\"houzez_section_subtitle\">Assuma o controlo e encontre a solu\u00e7\u00e3o dos seus sonhos hoje mesmo. D\u00ea uma vista de olhos na nossa selec\u00e7\u00e3o.<\/p>\n                            <\/div>\n            \t\t<\/div>\n\t\t\t\t<\/div>\n\t\t\t\t<div class=\"elementor-element elementor-element-3a474c0 elementor-button-align-stretch elementor-widget elementor-widget-houzez_elementor_search_builder\" data-id=\"3a474c0\" data-element_type=\"widget\" data-widget_type=\"houzez_elementor_search_builder.default\">\n\t\t\t\t<div class=\"elementor-widget-container\">\n\t\t\t\n        <form class=\"houzez-search-form-js houzez-search-builder-form-js\" id=\"houzez-search-3a474c0\" method=\"get\" action=\"https:\/\/tinyhouse.chipmunkdevelopment.com\/pt\/search-results\/\" data-trp-original-action=\"https:\/\/tinyhouse.chipmunkdevelopment.com\/pt\/search-results\/\" >\n\n            \n            <div class=\"houzez-ele-search-form-wrapper elementor-form-fields-wrapper elementor-labels-above\">\n\n                                        <div class=\"elementor-field-group elementor-column form-group elementor-field-group-field-types elementor-col-20 elementor-sm-100\">\n                    <label for=\"form-field-field-types\" class=\"elementor-field-label\">Procuro por<\/label>        <div class=\"elementor-field elementor-select-wrapper\">\n            <select multiple=\"multiple\" title=\"Tipo de Produto\" data-selected-text-format=\"count &gt; 1\" data-select-all-text=\"Select All\" data-deselect-all-text=\"Deselect All\" data-actions-box=\"true\" data-count-selected-text=\"{0} types selected\" data-size=\"5\" name=\"type[]\" id=\"form-field-field-types\" class=\"selectpicker bs-select-hidden houzez-field-textual form-control elementor-size-sm\" data-none-results-text=\"No results matched {0}\">\n                <option data-ref=\"containers\"   value=\"containers\">Contentores<\/option><option data-ref=\"glamping\"   value=\"glamping\">Glamping<\/option><option data-ref=\"modular-houses\"   value=\"modular-houses\">Casas Modulares<\/option><option data-ref=\"on-weels\"   value=\"on-weels\">Sobre Rodas<\/option><option data-ref=\"other-solutions\"   value=\"other-solutions\">Outras solu\u00e7\u00f5es<\/option><option data-ref=\"prefabricated-houses\"   value=\"prefabricated-houses\">Casas pr\u00e9-fabricadas<\/option><option data-ref=\"tiny-houses\"   value=\"tiny-houses\">Tiny Houses<\/option><option data-ref=\"wooden-houses\"   value=\"wooden-houses\">Casas de madeira<\/option>            <\/select>\n        <\/div>\n                            <\/div>\n                    \n                                            <div class=\"elementor-field-group elementor-column form-group elementor-field-group-6b0017d elementor-col-20\">\n                    <label for=\"form-field-6b0017d\" class=\"elementor-field-label\">Localiza\u00e7\u00e3o<\/label>        <div class=\"elementor-field elementor-select-wrapper\">\n            <select data-size=\"5\" name=\"states[]\" id=\"form-field-6b0017d\" class=\"selectpicker bs-select-hidden houzez-field-textual form-control elementor-size-sm houzezSelectFilter houzezStateFilter houzezSecondList houzez-state-js\" data-none-results-text=\"No results matched {0}\" data-target=\"houzezThirdList\">\n                <option value=\"\">Todo o pa\u00eds<\/option><option data-ref=\"center\" data-belong=\"\" data-subtext=\"\" value=\"center\">Centro<\/option><option data-ref=\"foreign\" data-belong=\"\" data-subtext=\"\" value=\"foreign\">Estrangeiro<\/option><option data-ref=\"north\" data-belong=\"\" data-subtext=\"\" value=\"north\">Norte<\/option><option data-ref=\"south\" data-belong=\"\" data-subtext=\"\" value=\"south\">Sul<\/option>            <\/select>\n        <\/div>\n                            <\/div>\n                    \n                                            <div class=\"elementor-field-group elementor-column form-group elementor-field-group-field-max-price elementor-col-20 elementor-sm-100\">\n                    <label for=\"form-field-field-max-price\" class=\"elementor-field-label\">O seu or\u00e7amento<\/label>        <div class=\"prices-for-all elementor-field elementor-select-wrapper\">\n            <select data-size=\"5\" name=\"max-price\" id=\"form-field-field-max-price\" data-live-search=\"true\" class=\"selectpicker bs-select-hidden houzez-field-textual form-control elementor-size-sm\">\n                <option value=\"\">Pre\u00e7o Maximo<\/option><option value=\"any\">Qualquer<\/option><option value=\"5000\">\u20ac5,000<\/option><option value=\"10000\">\u20ac10,000<\/option><option value=\"50000\">\u20ac50,000<\/option><option value=\"100000\">\u20ac100,000<\/option><option value=\"200000\">\u20ac200,000<\/option><option value=\"300000\">\u20ac300,000<\/option><option value=\"400000\">\u20ac400,000<\/option><option value=\"500000\">\u20ac500,000<\/option><option value=\"600000\">\u20ac600,000<\/option><option value=\"700000\">\u20ac700,000<\/option><option value=\"800000\">\u20ac800,000<\/option><option value=\"900000\">\u20ac900,000<\/option><option value=\"1000000\">\u20ac1,000,000<\/option><option value=\"1500000\">\u20ac1,500,000<\/option><option value=\"2000000\">\u20ac2,000,000<\/option><option value=\"2500000\">\u20ac2,500,000<\/option><option value=\"5000000\">\u20ac5,000,000<\/option><option value=\"10000000\">\u20ac10,000,000<\/option>\n            <\/select><!-- selectpicker -->\n        <\/div><!-- form-group -->\n\n        <div class=\"hide prices-only-for-rent elementor-field elementor-select-wrapper\">\n            <select data-size=\"5\" name=\"max-price\" id=\"form-field-field-max-price\" data-live-search=\"true\" class=\"selectpicker bs-select-hidden houzez-field-textual form-control elementor-size-sm\">\n                <option value=\"\">Pre\u00e7o Maximo<\/option><option value=\"any\">Qualquer<\/option><option value=\"1000\">\u20ac1,000<\/option><option value=\"2000\">\u20ac2,000<\/option><option value=\"3000\">\u20ac3,000<\/option><option value=\"4000\">\u20ac4,000<\/option><option value=\"5000\">\u20ac5,000<\/option><option value=\"7500\">\u20ac7,500<\/option><option value=\"10000\">\u20ac10,000<\/option><option value=\"15000\">\u20ac15,000<\/option><option value=\"20000\">\u20ac20,000<\/option><option value=\"25000\">\u20ac25,000<\/option><option value=\"30000\">\u20ac30,000<\/option><option value=\"40000\">\u20ac40,000<\/option><option value=\"50000\">\u20ac50,000<\/option><option value=\"75000\">\u20ac75,000<\/option><option value=\"100000\">\u20ac100,000<\/option><option value=\"150000\">\u20ac150,000<\/option>\n            <\/select><!-- selectpicker -->\n        <\/div><!-- form-group -->\n                            <\/div>\n                    \n                                            <div class=\"elementor-field-group elementor-column form-group elementor-field-group-7d8f6cc elementor-col-20\">\n                    <label for=\"form-field-7d8f6cc\" class=\"elementor-field-label\">ID do produto<\/label><input type=\"text\" size=\"1\" name=\"property_id\" id=\"form-field-7d8f6cc\" value=\"\" class=\"elementor-field form-control elementor-size-sm elementor-field-textual\" placeholder=\"Insira o ID do produto\">                    <\/div>\n                    \n                                                <div class=\"elementor-field-group elementor-column elementor-field-type-submit elementor-col-20\">\n                                <button type=\"submit\" class=\"houzez-search-button elementor-button elementor-size-sm\">\n                                                                            Procurar                                                                    <\/button>\n                            <\/div>\n                            \n                    \n            <\/div><!-- End wrapper-->\n\n        <input type=\"hidden\" name=\"trp-form-language\" value=\"pt\"\/><\/form>\n\n        \t\t<\/div>\n\t\t\t\t<\/div>\n\t\t\t\t\t<\/div>\n\t\t<\/div>\n\t\t\t\t\t<\/div>\n\t\t<\/section>\n\t\t\t\t\t<\/div>\n\t\t<\/div>\n\t\t\t\t\t<\/div>\n\t\t<\/section>\n\t\t<div class=\"elementor-element elementor-element-0262af4 e-flex e-con-boxed e-con e-parent\" data-id=\"0262af4\" data-element_type=\"container\">\n\t\t\t\t\t<div class=\"e-con-inner\">\n\t\t\t\t<div class=\"elementor-element elementor-element-93792cc elementor-widget elementor-widget-houzez_elementor_section_title\" data-id=\"93792cc\" data-element_type=\"widget\" data-widget_type=\"houzez_elementor_section_title.default\">\n\t\t\t\t<div class=\"elementor-widget-container\">\n\t\t\t            <div class=\"houzez_section_title_wrap section-title-module\">\n                                    <h2 class=\"houzez_section_title\">Confira a nossa lista<\/h2>\n                \n                                    <p class=\"houzez_section_subtitle\">Produtos em destaque<\/p>\n                            <\/div>\n            \t\t<\/div>\n\t\t\t\t<\/div>\n\t\t\t\t<div class=\"elementor-element elementor-element-c274c43 elementor-widget elementor-widget-houzez_elementor_property-card-v1\" data-id=\"c274c43\" data-element_type=\"widget\" data-widget_type=\"houzez_elementor_property-card-v1.default\">\n\t\t\t\t<div class=\"elementor-widget-container\">\n\t\t\t\t\t\r\n\t\t<div id=\"properties_module_section\" class=\"property-cards-module property-cards-module-v1\">\r\n\t\t\t<div id=\"module_properties\" class=\"listing-view list-view card-deck\">\r\n\t\t\t\t<div class=\"item-listing-wrap hz-item-gallery-js card\" data-hz-id=\"hz-17518\" data-images=\"[{&quot;image&quot;:&quot;https:\\\/\\\/tinyhouse.chipmunkdevelopment.com\\\/wp-content\\\/uploads\\\/2024\\\/03\\\/fdomes_30_widok-592x444.jpg&quot;,&quot;alt&quot;:&quot;&quot;,&quot;width&quot;:592,&quot;height&quot;:444},{&quot;image&quot;:&quot;https:\\\/\\\/tinyhouse.chipmunkdevelopment.com\\\/wp-content\\\/uploads\\\/2024\\\/03\\\/fdomes_30_widok-592x444.jpg&quot;,&quot;alt&quot;:&quot;&quot;,&quot;width&quot;:592,&quot;height&quot;:444},{&quot;image&quot;:&quot;https:\\\/\\\/tinyhouse.chipmunkdevelopment.com\\\/wp-content\\\/uploads\\\/2024\\\/03\\\/fdomes_30_rzut-592x444.jpg&quot;,&quot;alt&quot;:&quot;&quot;,&quot;width&quot;:592,&quot;height&quot;:444},{&quot;image&quot;:&quot;https:\\\/\\\/tinyhouse.chipmunkdevelopment.com\\\/wp-content\\\/uploads\\\/2024\\\/03\\\/Captura-de-ecra-2024-03-26-160843-592x444.jpeg&quot;,&quot;alt&quot;:&quot;&quot;,&quot;width&quot;:592,&quot;height&quot;:444}]\">\n\t<div class=\"item-wrap item-wrap-v1 item-wrap-no-frame h-100\">\n\t\t<div class=\"d-flex align-items-center h-100\">\n\t\t\t<div class=\"item-header\">\n\t\t\t\t<span class=\"label-featured label\">Destaque<\/span>\t\t\t\t<div class=\"labels-wrap labels-right\"> \n\n\t<a href=\"https:\/\/tinyhouse.chipmunkdevelopment.com\/pt\/status\/for-sale\/\" class=\"label-status label status-color-31\">\n\t\t\t\t\tPara venda\n\t\t\t\t<\/a>       \n\n<\/div>\n\t\t\t\t<ul class=\"item-price-wrap hide-on-list\">\n\t<li class=\"item-price\">\u20ac8,000<\/li><\/ul>\t\t\t\t<ul class=\"item-tools\">\n\n        <li class=\"item-tool item-preview\">\n        <span class=\"hz-show-lightbox-js\" data-listid=\"17518\" data-toggle=\"tooltip\" data-placement=\"top\" title=\"Pr\u00e9-visualiza\u00e7\u00e3o\">\n                <i class=\"houzez-icon icon-expand-3\"><\/i>   \n        <\/span><!-- item-tool-favorite -->\n    <\/li><!-- item-tool -->\n        \n        <li class=\"item-tool item-favorite\">\n        <span class=\"add-favorite-js item-tool-favorite\" data-toggle=\"tooltip\" data-placement=\"top\" title=\"Favorito\" data-listid=\"17518\">\n            <i class=\"houzez-icon icon-love-it\"><\/i> \n        <\/span><!-- item-tool-favorite -->\n    <\/li><!-- item-tool -->\n    \n        <li class=\"item-tool item-compare\">\n        <span class=\"houzez_compare compare-17518 item-tool-compare show-compare-panel\" data-toggle=\"tooltip\" data-placement=\"top\" title=\"Adicionar para comparar\" data-listing_id=\"17518\" data-listing_image=\"https:\/\/tinyhouse.chipmunkdevelopment.com\/wp-content\/uploads\/2024\/03\/fdomes_30_widok-592x444.jpg\">\n            <i class=\"houzez-icon icon-add-circle\"><\/i>\n        <\/span><!-- item-tool-compare -->\n    <\/li><!-- item-tool -->\n    <\/ul><!-- item-tools -->\n\t\t\t\t<div class=\"listing-image-wrap\">\n\t<div class=\"listing-thumb\">\n\t\t<a target=\"_self\" href=\"https:\/\/tinyhouse.chipmunkdevelopment.com\/pt\/product\/fdome-glamping-30\/\" class=\"listing-featured-thumb hover-effect\">\n\t\t\t<img fetchpriority=\"high\" decoding=\"async\" width=\"592\" height=\"444\" src=\"https:\/\/tinyhouse.chipmunkdevelopment.com\/wp-content\/uploads\/2024\/03\/fdomes_30_widok-592x444.jpg\" class=\"img-fluid wp-post-image\" alt=\"\" srcset=\"https:\/\/tinyhouse.chipmunkdevelopment.com\/wp-content\/uploads\/2024\/03\/fdomes_30_widok-592x444.jpg 592w, https:\/\/tinyhouse.chipmunkdevelopment.com\/wp-content\/uploads\/2024\/03\/fdomes_30_widok-584x438.jpg 584w, https:\/\/tinyhouse.chipmunkdevelopment.com\/wp-content\/uploads\/2024\/03\/fdomes_30_widok-120x90.jpg 120w\" sizes=\"(max-width: 592px) 100vw, 592px\" \/>\t\t<\/a><!-- hover-effect -->\n\t<\/div>\n<\/div>\n\t\t\t\t<div class=\"preview_loader\"><\/div>\n\t\t\t<\/div><!-- item-header -->\t\n\t\t\t<div class=\"item-body flex-grow-1\">\n\t\t\t\t<div class=\"labels-wrap labels-right\"> \n\n\t<a href=\"https:\/\/tinyhouse.chipmunkdevelopment.com\/pt\/status\/for-sale\/\" class=\"label-status label status-color-31\">\n\t\t\t\t\tPara venda\n\t\t\t\t<\/a>       \n\n<\/div>\n\t\t\t\t<h2 class=\"item-title\">\n\t<a target=\"_self\" href=\"https:\/\/tinyhouse.chipmunkdevelopment.com\/pt\/product\/fdome-glamping-30\/\">FDome Glamping 30<\/a>\n<\/h2><!-- item-title -->\t\t\t\t<ul class=\"item-price-wrap hide-on-list\">\n\t<li class=\"item-price\">\u20ac8,000<\/li><\/ul>\t\t\t\t<address class=\"item-address\"><\/address>\t\t\t\t\t\t\t\t<ul class=\"item-amenities item-amenities-with-icons\">\n\t<li class=\"h-type\"><span>Glamping<\/span><\/li><\/ul>\t\t\t\t<a class=\"btn btn-primary btn-item\" target=\"_self\" href=\"https:\/\/tinyhouse.chipmunkdevelopment.com\/pt\/product\/fdome-glamping-30\/\">\n\tDetalhes<\/a><!-- btn-item -->\n\t\t\t\t<div class=\"item-author\">\n\t<i class=\"houzez-icon icon-single-neutral mr-1\"><\/i>\n\t<a href=\"https:\/\/tinyhouse.chipmunkdevelopment.com\/pt\/agent\/tiagovargem\/\">tiagovargem<\/a> <\/div><!-- item-author -->\n\t\t\t\t<div class=\"item-date\">\n\t<i class=\"houzez-icon icon-attachment mr-1\"><\/i>\n\t2 anos atr\u00e1s<\/div><!-- item-date -->\n\t\t\t<\/div><!-- item-body -->\n\n\t\t\t\t\t\t<div class=\"item-footer clearfix\">\n\t\t\t\t<div class=\"item-author\">\n\t<i class=\"houzez-icon icon-single-neutral mr-1\"><\/i>\n\t<a href=\"https:\/\/tinyhouse.chipmunkdevelopment.com\/pt\/agent\/tiagovargem\/\">tiagovargem<\/a> <\/div><!-- item-author -->\n\t\t\t\t<div class=\"item-date\">\n\t<i class=\"houzez-icon icon-attachment mr-1\"><\/i>\n\t2 anos atr\u00e1s<\/div><!-- item-date -->\n\t\t\t<\/div>\n\t\t\t\t\t<\/div><!-- d-flex -->\n\t<\/div><!-- item-wrap -->\n<\/div><!-- item-listing-wrap -->\r\n\t\t\t<\/div><!-- listing-view -->\r\n\r\n\t\t\t\r\n\t\t\t\t<div id=\"fave-pagination-loadmore\" class=\"load-more-wrap fave-load-more\">\r\n                    <a class=\"btn btn-primary-outlined btn-load-more\"  \r\n                    data-paged=\"2\" \r\n                    data-prop-limit=\"9\" \r\n                    data-card=\"item-v1\" \r\n                    data-type=\"\" \r\n                    data-status=\"\" \r\n                    data-state=\"\" \r\n                    data-city=\"\" \r\n                    data-country=\"\" \r\n                    data-area=\"\" \r\n                    data-label=\"\" \r\n                    data-user-role=\"\" \r\n                    data-featured-prop=\"yes\" \r\n                    data-offset=\"\"\r\n                    data-sortby=\"\"\r\n                    href=\"#\">\r\n                    \t<span class=\"btn-loader houzez-loader-js\"><\/span>                    \tCarregue mais\t\t\r\n                    <\/a>               \r\n\t\t\t\t<\/div><!-- load-more-wrap -->\r\n\t\t\t\t\t<\/div><!-- property-grid-module -->\r\n\r\n\t\t\t\t<\/div>\n\t\t\t\t<\/div>\n\t\t\t\t\t<\/div>\n\t\t\t\t<\/div>\n\t\t\t\t<\/div>","protected":false},"excerpt":{"rendered":"<p>Find your Perfect Solution Take Control and find your dream solution today. Take a look at our selection. Looking for ContainersGlampingModular HousesOn WeelsOther SolutionsPrefabricated housesTiny HousesWooden Houses Location All CountryCenterForeignNorthSouth Your budget Max. PriceAny\u20ac5,000\u20ac10,000\u20ac50,000\u20ac100,000\u20ac200,000\u20ac300,000\u20ac400,000\u20ac500,000\u20ac600,000\u20ac700,000\u20ac800,000\u20ac900,000\u20ac1,000,000\u20ac1,500,000\u20ac2,000,000\u20ac2,500,000\u20ac5,000,000\u20ac10,000,000 Max. PriceAny\u20ac1,000\u20ac2,000\u20ac3,000\u20ac4,000\u20ac5,000\u20ac7,500\u20ac10,000\u20ac15,000\u20ac20,000\u20ac25,000\u20ac30,000\u20ac40,000\u20ac50,000\u20ac75,000\u20ac100,000\u20ac150,000 Product ID Search Check our List Featured Products Featured For Sale \u20ac8,000 For Sale FDome Glamping 30 \u20ac8,000 Glamping [&hellip;]<\/p>","protected":false},"author":1,"featured_media":0,"parent":0,"menu_order":0,"comment_status":"closed","ping_status":"closed","template":"template\/template-homepage.php","meta":{"footnotes":""},"_links":{"self":[{"href":"https:\/\/tinyhouse.chipmunkdevelopment.com\/pt\/wp-json\/wp\/v2\/pages\/10"}],"collection":[{"href":"https:\/\/tinyhouse.chipmunkdevelopment.com\/pt\/wp-json\/wp\/v2\/pages"}],"about":[{"href":"https:\/\/tinyhouse.chipmunkdevelopment.com\/pt\/wp-json\/wp\/v2\/types\/page"}],"author":[{"embeddable":true,"href":"https:\/\/tinyhouse.chipmunkdevelopment.com\/pt\/wp-json\/wp\/v2\/users\/1"}],"replies":[{"embeddable":true,"href":"https:\/\/tinyhouse.chipmunkdevelopment.com\/pt\/wp-json\/wp\/v2\/comments?post=10"}],"version-history":[{"count":49,"href":"https:\/\/tinyhouse.chipmunkdevelopment.com\/pt\/wp-json\/wp\/v2\/pages\/10\/revisions"}],"predecessor-version":[{"id":17619,"href":"https:\/\/tinyhouse.chipmunkdevelopment.com\/pt\/wp-json\/wp\/v2\/pages\/10\/revisions\/17619"}],"wp:attachment":[{"href":"https:\/\/tinyhouse.chipmunkdevelopment.com\/pt\/wp-json\/wp\/v2\/media?parent=10"}],"curies":[{"name":"wp","href":"https:\/\/api.w.org\/{rel}","templated":true}]}}